{"id":306,"date":"2015-03-19T12:32:40","date_gmt":"2015-03-19T12:32:40","guid":{"rendered":"https:\/\/centroguerrero.es\/?page_id=306"},"modified":"2017-02-23T16:51:40","modified_gmt":"2017-02-23T16:51:40","slug":"governing-bodies","status":"publish","type":"page","link":"https:\/\/centroguerrero.es\/en\/the-center\/governing-bodies\/","title":{"rendered":"GOVERNING BODIES"},"content":{"rendered":"\n<style type=\"text\/css\" data-created_by=\"avia_inline_auto\" id=\"style-css-av-av_section-b7dae9f05122e137cf0fc4ae4e00d02e\">\n.avia-section.av-av_section-b7dae9f05122e137cf0fc4ae4e00d02e{\nbackground-color:#f4f4f4;\nbackground-image:unset;\n}\n<\/style>\n<div id='av_section_1'  class='avia-section av-av_section-b7dae9f05122e137cf0fc4ae4e00d02e main_color avia-section-default avia-no-shadow  avia-builder-el-0  el_before_av_hr  avia-builder-el-first  avia-bg-style-scroll container_wrap sidebar_right'  ><div class='container av-section-cont-open' ><main  role=\"main\" itemprop=\"mainContentOfPage\"  class='template-page content  av-content-small alpha units'><div class='post-entry post-entry-type-page post-entry-306'><div class='entry-content-wrapper clearfix'>\n\n<style type=\"text\/css\" data-created_by=\"avia_inline_auto\" id=\"style-css-av-av_one_half-9497bbf8bff73ea4c6992cc17fa9ec36\">\n.flex_column.av-av_one_half-9497bbf8bff73ea4c6992cc17fa9ec36{\nborder-radius:0px 0px 0px 0px;\npadding:0px 0px 0px 0px;\n}\n<\/style>\n<div  class='flex_column av-av_one_half-9497bbf8bff73ea4c6992cc17fa9ec36 av_one_half  avia-builder-el-1  el_before_av_one_half  avia-builder-el-first  first flex_column_div av-zero-column-padding  '     ><p>\n<style type=\"text\/css\" data-created_by=\"avia_inline_auto\" id=\"style-css-av-av_heading-bbaab0a84774b0d04882db7044d5a5c9\">\n#top .av-special-heading.av-av_heading-bbaab0a84774b0d04882db7044d5a5c9{\npadding-bottom:0;\nfont-size:33px;\n}\nbody .av-special-heading.av-av_heading-bbaab0a84774b0d04882db7044d5a5c9 .av-special-heading-tag .heading-char{\nfont-size:25px;\n}\n#top #wrap_all .av-special-heading.av-av_heading-bbaab0a84774b0d04882db7044d5a5c9 .av-special-heading-tag{\nfont-size:33px;\n}\n.av-special-heading.av-av_heading-bbaab0a84774b0d04882db7044d5a5c9 .av-subheading{\nfont-size:15px;\n}\n\n@media only screen and (min-width: 480px) and (max-width: 767px){ \n#top #wrap_all .av-special-heading.av-av_heading-bbaab0a84774b0d04882db7044d5a5c9 .av-special-heading-tag{\nfont-size:0.8em;\n}\n}\n\n@media only screen and (max-width: 479px){ \n#top #wrap_all .av-special-heading.av-av_heading-bbaab0a84774b0d04882db7044d5a5c9 .av-special-heading-tag{\nfont-size:0.8em;\n}\n}\n<\/style>\n<div  class='av-special-heading av-av_heading-bbaab0a84774b0d04882db7044d5a5c9 av-special-heading-h5 blockquote modern-quote  avia-builder-el-2  el_before_av_heading  avia-builder-el-first  av-inherit-size'><h5 class='av-special-heading-tag '  itemprop=\"headline\"  >GOVERNING BODIES<\/h5><div class=\"special-heading-border\"><div class=\"special-heading-inner-border\"><\/div><\/div><\/div><br \/>\n\n<style type=\"text\/css\" data-created_by=\"avia_inline_auto\" id=\"style-css-av-av_heading-4bdf460dcd92e02b4b23fcef245ba758\">\n#top .av-special-heading.av-av_heading-4bdf460dcd92e02b4b23fcef245ba758{\npadding-bottom:5px;\n}\nbody .av-special-heading.av-av_heading-4bdf460dcd92e02b4b23fcef245ba758 .av-special-heading-tag .heading-char{\nfont-size:25px;\n}\n.av-special-heading.av-av_heading-4bdf460dcd92e02b4b23fcef245ba758 .av-subheading{\nfont-size:15px;\n}\n<\/style>\n<div  class='av-special-heading av-av_heading-4bdf460dcd92e02b4b23fcef245ba758 av-special-heading-h4 blockquote modern-quote  avia-builder-el-3  el_after_av_heading  el_before_av_textblock '><h4 class='av-special-heading-tag '  itemprop=\"headline\"  >JOINT COMMITTEE<\/h4><div class=\"special-heading-border\"><div class=\"special-heading-inner-border\"><\/div><\/div><\/div><br \/>\n<section  class='av_textblock_section av-av_textblock-0366cc7376be6c9e82a3e9cc8987b64f '   itemscope=\"itemscope\" itemtype=\"https:\/\/schema.org\/CreativeWork\" ><div class='avia_textblock'  itemprop=\"text\" ><p>The Joint Committee for monitoring the Jos\u00e9 Guerrero Centre is the body in charge of its strategic management and taking the most significant decisions regarding its operation. The function of the Committee is to supervise the observance of the contract for loan of use, in particular with regard to its aims and objectives, to supervise the continued functioning of the Centre, and to approve the annual plans of action and verify their observance, among other functions.<\/p>\n<p>The Committee consists of six members with full rights designated by the parties to the agreement (three for the Diputaci\u00f3n de Granada and three for the heirs of Jos\u00e9 Guerrero) and three ex officio members, without vote, representing the Ministry of Culture, the Government of Andalusia (Junta de Andaluc\u00eda) and Granada City Hall.<\/p>\n<p>At present the said members are Jos\u00e9 Entrena \u00c1vila, F\u00e1tima G\u00f3mez Abad, Miguel Rodr\u00edguez-Acosta, Jos\u00e9 Mar\u00eda Aubert, Jos\u00e9 Antonio Guerrero, Allegra Aubert Guerrero and \u00c1ngela Vilches Ferr\u00f3n as Secretary.<\/p>\n<\/div><\/section><br \/>\n\n<style type=\"text\/css\" data-created_by=\"avia_inline_auto\" id=\"style-css-av-av_heading-11292b94d585b80bd7ab7ed24bf8119d\">\n#top .av-special-heading.av-av_heading-11292b94d585b80bd7ab7ed24bf8119d{\npadding-bottom:5px;\n}\nbody .av-special-heading.av-av_heading-11292b94d585b80bd7ab7ed24bf8119d .av-special-heading-tag .heading-char{\nfont-size:25px;\n}\n.av-special-heading.av-av_heading-11292b94d585b80bd7ab7ed24bf8119d .av-subheading{\nfont-size:15px;\n}\n<\/style>\n<div  class='av-special-heading av-av_heading-11292b94d585b80bd7ab7ed24bf8119d av-special-heading-h4 blockquote modern-quote  avia-builder-el-5  el_after_av_textblock  el_before_av_textblock '><h4 class='av-special-heading-tag '  itemprop=\"headline\"  >ADVISORY COMMITTEE<\/h4><div class=\"special-heading-border\"><div class=\"special-heading-inner-border\"><\/div><\/div><\/div><br \/>\n<section  class='av_textblock_section av-av_textblock-0366cc7376be6c9e82a3e9cc8987b64f '   itemscope=\"itemscope\" itemtype=\"https:\/\/schema.org\/CreativeWork\" ><div class='avia_textblock'  itemprop=\"text\" ><p>This committee consists of three personalities of recognised prestige in the sphere of contemporary visual art, with the purpose of ensuring the quality of the Jos\u00e9 Guerrero Centre programmes. Since its inception, these experts are Juan Manuel Bonet, Mar\u00eda de Corral and Eduardo Quesada Dorador.<\/p>\n<\/div><\/section><\/p><\/div>\n<style type=\"text\/css\" data-created_by=\"avia_inline_auto\" id=\"style-css-av-av_one_half-9c1d454dc06f7247226bc4e8f931daae\">\n.flex_column.av-av_one_half-9c1d454dc06f7247226bc4e8f931daae{\nborder-radius:0px 0px 0px 0px;\npadding:0px 0px 0px 0px;\n}\n<\/style>\n<div  class='flex_column av-av_one_half-9c1d454dc06f7247226bc4e8f931daae av_one_half  avia-builder-el-7  el_after_av_one_half  avia-builder-el-last  flex_column_div av-zero-column-padding  '     ><p>\n<style type=\"text\/css\" data-created_by=\"avia_inline_auto\" id=\"style-css-av-av_hr-8351fc2b3acf9f72b38a9fdadb51a95d\">\n#top .hr.av-av_hr-8351fc2b3acf9f72b38a9fdadb51a95d{\nmargin-top:105px;\nmargin-bottom:0px;\n}\n.hr.av-av_hr-8351fc2b3acf9f72b38a9fdadb51a95d .hr-inner{\nwidth:50px;\n}\n<\/style>\n<div  class='hr av-av_hr-8351fc2b3acf9f72b38a9fdadb51a95d hr-custom  avia-builder-el-8  el_before_av_image  avia-builder-el-first  hr-center hr-icon-no'><span class='hr-inner inner-border-av-border-none'><span class=\"hr-inner-style\"><\/span><\/span><\/div><br \/>\n\n<style type=\"text\/css\" data-created_by=\"avia_inline_auto\" id=\"style-css-av-av_image-36b0cfb10972ca4f3b87f41f609be9aa\">\n.avia-image-container.av-av_image-36b0cfb10972ca4f3b87f41f609be9aa img.avia_image{\nbox-shadow:none;\n}\n.avia-image-container.av-av_image-36b0cfb10972ca4f3b87f41f609be9aa .av-image-caption-overlay-center{\ncolor:#ffffff;\n}\n<\/style>\n<div  class='avia-image-container av-av_image-36b0cfb10972ca4f3b87f41f609be9aa av-styling- avia_animated_image av-animated-when-visible-95 fade-in avia-align-center  avia-builder-el-9  el_after_av_hr  avia-builder-el-last '   itemprop=\"image\" itemscope=\"itemscope\" itemtype=\"https:\/\/schema.org\/ImageObject\" ><div class=\"avia-image-container-inner\"><div class=\"avia-image-overlay-wrap\"><img decoding=\"async\" fetchpriority=\"high\" class='wp-image- avia-img-lazy-loading-not- avia_image ' src=\"https:\/\/centroguerrero.es\/wp-content\/uploads\/2015\/03\/Organos-de-Gobierno-1.jpg\" alt='' title=''   itemprop=\"thumbnailUrl\"  \/><\/div><\/div><\/div><\/p><\/div><\/div><\/div><\/main><!-- close content main element --><\/div><\/div><div id='after_section_1'  class='main_color av_default_container_wrap container_wrap sidebar_right'  ><div class='container av-section-cont-open' ><div class='template-page content  av-content-small alpha units'><div class='post-entry post-entry-type-page post-entry-306'><div class='entry-content-wrapper clearfix'>\n<style type=\"text\/css\" data-created_by=\"avia_inline_auto\" id=\"style-css-av-av_hr-0688d0b0b6ed2f8b057db7a8270206df\">\n#top .hr.hr-invisible.av-av_hr-0688d0b0b6ed2f8b057db7a8270206df{\nheight:50px;\n}\n<\/style>\n<div  class='hr av-av_hr-0688d0b0b6ed2f8b057db7a8270206df hr-invisible  avia-builder-el-10  el_after_av_section  avia-builder-el-no-sibling '><span class='hr-inner '><span class=\"hr-inner-style\"><\/span><\/span><\/div><\/p>\n","protected":false},"excerpt":{"rendered":"","protected":false},"author":1,"featured_media":0,"parent":7118,"menu_order":0,"comment_status":"closed","ping_status":"closed","template":"","meta":{"footnotes":""},"class_list":["post-306","page","type-page","status-publish","hentry"],"_links":{"self":[{"href":"https:\/\/centroguerrero.es\/en\/wp-json\/wp\/v2\/pages\/306"}],"collection":[{"href":"https:\/\/centroguerrero.es\/en\/wp-json\/wp\/v2\/pages"}],"about":[{"href":"https:\/\/centroguerrero.es\/en\/wp-json\/wp\/v2\/types\/page"}],"author":[{"embeddable":true,"href":"https:\/\/centroguerrero.es\/en\/wp-json\/wp\/v2\/users\/1"}],"replies":[{"embeddable":true,"href":"https:\/\/centroguerrero.es\/en\/wp-json\/wp\/v2\/comments?post=306"}],"version-history":[{"count":0,"href":"https:\/\/centroguerrero.es\/en\/wp-json\/wp\/v2\/pages\/306\/revisions"}],"up":[{"embeddable":true,"href":"https:\/\/centroguerrero.es\/en\/wp-json\/wp\/v2\/pages\/7118"}],"wp:attachment":[{"href":"https:\/\/centroguerrero.es\/en\/wp-json\/wp\/v2\/media?parent=306"}],"curies":[{"name":"wp","href":"https:\/\/api.w.org\/{rel}","templated":true}]}}