{"id":4635,"date":"2016-01-26T08:04:45","date_gmt":"2016-01-26T08:04:45","guid":{"rendered":"https:\/\/centroguerrero.es\/en\/?page_id=4635"},"modified":"2017-02-23T17:00:10","modified_gmt":"2017-02-23T17:00:10","slug":"works-on-loan","status":"publish","type":"page","link":"https:\/\/centroguerrero.es\/en\/jose-guerrero-collection\/works-on-loan\/","title":{"rendered":"WORKS ON LOAN"},"content":{"rendered":"\n<style type=\"text\/css\" data-created_by=\"avia_inline_auto\" id=\"style-css-av-av_section-b7dae9f05122e137cf0fc4ae4e00d02e\">\n.avia-section.av-av_section-b7dae9f05122e137cf0fc4ae4e00d02e{\nbackground-color:#f4f4f4;\nbackground-image:unset;\n}\n<\/style>\n<div id='av_section_1'  class='avia-section av-av_section-b7dae9f05122e137cf0fc4ae4e00d02e main_color avia-section-default avia-no-shadow  avia-builder-el-0  el_before_av_section  avia-builder-el-first  avia-bg-style-scroll container_wrap sidebar_right'  ><div class='container av-section-cont-open' ><main  role=\"main\" itemprop=\"mainContentOfPage\"  class='template-page content  av-content-small alpha units'><div class='post-entry post-entry-type-page post-entry-4635'><div class='entry-content-wrapper clearfix'>\n\n<style type=\"text\/css\" data-created_by=\"avia_inline_auto\" id=\"style-css-av-av_heading-42cb8f6508a298ca999e16fb4aa4cd6a\">\n#top .av-special-heading.av-av_heading-42cb8f6508a298ca999e16fb4aa4cd6a{\npadding-bottom:30px;\nfont-size:33px;\n}\nbody .av-special-heading.av-av_heading-42cb8f6508a298ca999e16fb4aa4cd6a .av-special-heading-tag .heading-char{\nfont-size:25px;\n}\n#top #wrap_all .av-special-heading.av-av_heading-42cb8f6508a298ca999e16fb4aa4cd6a .av-special-heading-tag{\nfont-size:33px;\n}\n.av-special-heading.av-av_heading-42cb8f6508a298ca999e16fb4aa4cd6a .av-subheading{\nfont-size:15px;\n}\n\n@media only screen and (min-width: 480px) and (max-width: 767px){ \n#top #wrap_all .av-special-heading.av-av_heading-42cb8f6508a298ca999e16fb4aa4cd6a .av-special-heading-tag{\nfont-size:0.8em;\n}\n}\n\n@media only screen and (max-width: 479px){ \n#top #wrap_all .av-special-heading.av-av_heading-42cb8f6508a298ca999e16fb4aa4cd6a .av-special-heading-tag{\nfont-size:0.8em;\n}\n}\n<\/style>\n<div  class='av-special-heading av-av_heading-42cb8f6508a298ca999e16fb4aa4cd6a av-special-heading-h5 blockquote modern-quote  avia-builder-el-1  el_before_av_two_third  avia-builder-el-first  av-inherit-size'><h5 class='av-special-heading-tag '  itemprop=\"headline\"  >WORKS ON LOAN<\/h5><div class=\"special-heading-border\"><div class=\"special-heading-inner-border\"><\/div><\/div><\/div>\n\n<style type=\"text\/css\" data-created_by=\"avia_inline_auto\" id=\"style-css-av-av_two_third-9497bbf8bff73ea4c6992cc17fa9ec36\">\n.flex_column.av-av_two_third-9497bbf8bff73ea4c6992cc17fa9ec36{\nborder-radius:0px 0px 0px 0px;\npadding:0px 0px 0px 0px;\n}\n<\/style>\n<div  class='flex_column av-av_two_third-9497bbf8bff73ea4c6992cc17fa9ec36 av_two_third  avia-builder-el-2  el_after_av_heading  el_before_av_one_third  first flex_column_div av-zero-column-padding  '     ><style type=\"text\/css\" data-created_by=\"avia_inline_auto\" id=\"style-css-av-av_image-cb6fb5aa3002ec7be2f0cb9e0d7bc10c\">\n.avia-image-container.av-av_image-cb6fb5aa3002ec7be2f0cb9e0d7bc10c img.avia_image{\nbox-shadow:none;\n}\n.avia-image-container.av-av_image-cb6fb5aa3002ec7be2f0cb9e0d7bc10c .av-image-caption-overlay-center{\ncolor:#ffffff;\n}\n<\/style>\n<div  class='avia-image-container av-av_image-cb6fb5aa3002ec7be2f0cb9e0d7bc10c av-styling- av-img-linked avia_animated_image av-animated-when-visible-95 fade-in avia-align-center  avia-builder-el-3  avia-builder-el-no-sibling '   itemprop=\"image\" itemscope=\"itemscope\" itemtype=\"https:\/\/schema.org\/ImageObject\" ><div class=\"avia-image-container-inner\"><div class=\"avia-image-overlay-wrap\"><a href=\"https:\/\/centroguerrero.es\/coleccion\/intervalos-negros-1971\/\" class='avia_image '  ><img decoding=\"async\" fetchpriority=\"high\" class='wp-image- avia-img-lazy-loading-not- avia_image ' src=\"https:\/\/centroguerrero.es\/wp-content\/uploads\/2016\/01\/Obras-en-prestamo-1.jpg\" alt='' title=''   itemprop=\"thumbnailUrl\"  \/><\/a><\/div><\/div><\/div><\/div>\n<style type=\"text\/css\" data-created_by=\"avia_inline_auto\" id=\"style-css-av-av_one_third-77a5cb5a25951ddaaf49023d861ac13d\">\n.flex_column.av-av_one_third-77a5cb5a25951ddaaf49023d861ac13d{\nborder-radius:0px 0px 0px 0px;\npadding:10px 15px 0px 15px;\nbackground-color:#333333;\n}\n<\/style>\n<div  class='flex_column av-av_one_third-77a5cb5a25951ddaaf49023d861ac13d av_one_third  avia-builder-el-4  el_after_av_two_third  el_before_av_hr  flex_column_div  '     ><style type=\"text\/css\" data-created_by=\"avia_inline_auto\" id=\"style-css-av-av_textblock-0495ba487d93331d0a255e1072a23468\">\n#top .av_textblock_section.av-av_textblock-0495ba487d93331d0a255e1072a23468 .avia_textblock{\ncolor:#ffffff;\n}\n<\/style>\n<section  class='av_textblock_section av-av_textblock-0495ba487d93331d0a255e1072a23468 '   itemscope=\"itemscope\" itemtype=\"https:\/\/schema.org\/CreativeWork\" ><div class='avia_textblock av_inherit_color'  itemprop=\"text\" ><p><strong><em>Intervalos negros<\/em><\/strong>, 1971<\/p>\n<hr \/>\n<p>\u00d3leo sobre lienzo<\/p>\n<hr \/>\n<p>Exposici\u00f3n: <em>Obra invitada<\/em><\/p>\n<hr \/>\n<p>Museo de Bellas Artes de Bilbao<\/p>\n<hr \/>\n<p>1 de junio &#8211; 18 de septiembre\u00a0de 2016<\/p>\n<hr \/>\n<\/div><\/section><\/div>\n<style type=\"text\/css\" data-created_by=\"avia_inline_auto\" id=\"style-css-av-av_hr-a6de236e6c183bbbd700292deacd2b52\">\n#top .hr.hr-invisible.av-av_hr-a6de236e6c183bbbd700292deacd2b52{\nheight:20px;\n}\n<\/style>\n<div  class='hr av-av_hr-a6de236e6c183bbbd700292deacd2b52 hr-invisible  avia-builder-el-6  el_after_av_one_third  el_before_av_one_full '><span class='hr-inner '><span class=\"hr-inner-style\"><\/span><\/span><\/div>\n\n<style type=\"text\/css\" data-created_by=\"avia_inline_auto\" id=\"style-css-av-av_one_full-9497bbf8bff73ea4c6992cc17fa9ec36\">\n.flex_column.av-av_one_full-9497bbf8bff73ea4c6992cc17fa9ec36{\nborder-radius:0px 0px 0px 0px;\npadding:0px 0px 0px 0px;\n}\n<\/style>\n<div  class='flex_column av-av_one_full-9497bbf8bff73ea4c6992cc17fa9ec36 av_one_full  avia-builder-el-7  el_after_av_hr  avia-builder-el-last  first flex_column_div av-zero-column-padding  '     ><section  class='av_textblock_section av-av_textblock-0366cc7376be6c9e82a3e9cc8987b64f '   itemscope=\"itemscope\" itemtype=\"https:\/\/schema.org\/CreativeWork\" ><div class='avia_textblock'  itemprop=\"text\" ><p>La exposici\u00f3n <em>Obra invitada<\/em> ha sido concebida para mostrar temporalmente notables obras \u2013una cada vez y durante un per\u00edodo de tres meses \u2013 con las que mejorar la comprensi\u00f3n de los artistas cuyas obras se encuentran ya representadas en la colecci\u00f3n del Museo de Bellas Artes de Bilbao, o para mostrar al p\u00fablico a determinados artistas que no se encuentran representados.<\/p>\n<p><a href=\"https:\/\/www.museobilbao.com\/exposiciones\/jose-guerrero-248\">+ informaci\u00f3n<\/a><\/p>\n<p><a href=\"https:\/\/centroguerrero.es\/wp-content\/uploads\/2016\/01\/13336053_1060160400714573_3540944864882500124_n.jpg\"><img loading=\"lazy\" decoding=\"async\" class=\"alignnone size-medium wp-image-6602\" src=\"https:\/\/centroguerrero.es\/wp-content\/uploads\/2016\/01\/13336053_1060160400714573_3540944864882500124_n-300x225.jpg\" alt=\"13336053_1060160400714573_3540944864882500124_n\" width=\"300\" height=\"225\" srcset=\"https:\/\/centroguerrero.es\/wp-content\/uploads\/2016\/01\/13336053_1060160400714573_3540944864882500124_n-300x225.jpg 300w, https:\/\/centroguerrero.es\/wp-content\/uploads\/2016\/01\/13336053_1060160400714573_3540944864882500124_n-768x576.jpg 768w, https:\/\/centroguerrero.es\/wp-content\/uploads\/2016\/01\/13336053_1060160400714573_3540944864882500124_n-705x529.jpg 705w, https:\/\/centroguerrero.es\/wp-content\/uploads\/2016\/01\/13336053_1060160400714573_3540944864882500124_n-450x338.jpg 450w, https:\/\/centroguerrero.es\/wp-content\/uploads\/2016\/01\/13336053_1060160400714573_3540944864882500124_n.jpg 960w\" sizes=\"(max-width: 300px) 100vw, 300px\" \/><\/a><\/p>\n<\/div><\/section><\/div><\/div><\/div><\/main><!-- close content main element --><\/div><\/div>\n<style type=\"text\/css\" data-created_by=\"avia_inline_auto\" id=\"style-css-av-av_section-fb37fa88fbca848c7e29aff3fecdfcf1\">\n.avia-section.av-av_section-fb37fa88fbca848c7e29aff3fecdfcf1{\nbackground-color:#ffffff;\nbackground-image:unset;\n}\n<\/style>\n<div id='av_section_2'  class='avia-section av-av_section-fb37fa88fbca848c7e29aff3fecdfcf1 main_color avia-section-default avia-no-shadow  avia-builder-el-9  el_after_av_section  el_before_av_codeblock  avia-bg-style-scroll container_wrap sidebar_right'  ><div class='container av-section-cont-open' ><div class='template-page content  av-content-small alpha units'><div class='post-entry post-entry-type-page post-entry-4635'><div class='entry-content-wrapper clearfix'>\n\n<style type=\"text\/css\" data-created_by=\"avia_inline_auto\" id=\"style-css-av-av_two_third-9497bbf8bff73ea4c6992cc17fa9ec36\">\n.flex_column.av-av_two_third-9497bbf8bff73ea4c6992cc17fa9ec36{\nborder-radius:0px 0px 0px 0px;\npadding:0px 0px 0px 0px;\n}\n<\/style>\n<div  class='flex_column av-av_two_third-9497bbf8bff73ea4c6992cc17fa9ec36 av_two_third  avia-builder-el-10  el_before_av_one_third  avia-builder-el-first  first flex_column_div av-zero-column-padding  '     ><style type=\"text\/css\" data-created_by=\"avia_inline_auto\" id=\"style-css-av-av_image-7ff9bd367b8a6c8b7f1ec005166bb31c\">\n.avia-image-container.av-av_image-7ff9bd367b8a6c8b7f1ec005166bb31c img.avia_image{\nbox-shadow:none;\n}\n.avia-image-container.av-av_image-7ff9bd367b8a6c8b7f1ec005166bb31c .av-image-caption-overlay-center{\ncolor:#ffffff;\n}\n<\/style>\n<div  class='avia-image-container av-av_image-7ff9bd367b8a6c8b7f1ec005166bb31c av-styling- av-img-linked avia-align-center  avia-builder-el-11  avia-builder-el-no-sibling '   itemprop=\"image\" itemscope=\"itemscope\" itemtype=\"https:\/\/schema.org\/ImageObject\" ><div class=\"avia-image-container-inner\"><div class=\"avia-image-overlay-wrap\"><a href=\"https:\/\/centroguerrero.es\/coleccion\/la-brecha-de-viznar-1966\/\" class='avia_image '  ><img decoding=\"async\" fetchpriority=\"high\" class='wp-image- avia-img-lazy-loading-not- avia_image ' src=\"https:\/\/centroguerrero.es\/wp-content\/uploads\/2016\/01\/Obras-en-prestamo-2.jpg\" alt='' title=''   itemprop=\"thumbnailUrl\"  \/><\/a><\/div><\/div><\/div><\/div>\n<style type=\"text\/css\" data-created_by=\"avia_inline_auto\" id=\"style-css-av-av_one_third-77a5cb5a25951ddaaf49023d861ac13d\">\n.flex_column.av-av_one_third-77a5cb5a25951ddaaf49023d861ac13d{\nborder-radius:0px 0px 0px 0px;\npadding:10px 15px 0px 15px;\nbackground-color:#333333;\n}\n<\/style>\n<div  class='flex_column av-av_one_third-77a5cb5a25951ddaaf49023d861ac13d av_one_third  avia-builder-el-12  el_after_av_two_third  el_before_av_hr  flex_column_div  '     ><style type=\"text\/css\" data-created_by=\"avia_inline_auto\" id=\"style-css-av-av_textblock-0495ba487d93331d0a255e1072a23468\">\n#top .av_textblock_section.av-av_textblock-0495ba487d93331d0a255e1072a23468 .avia_textblock{\ncolor:#ffffff;\n}\n<\/style>\n<section  class='av_textblock_section av-av_textblock-0495ba487d93331d0a255e1072a23468 '   itemscope=\"itemscope\" itemtype=\"https:\/\/schema.org\/CreativeWork\" ><div class='avia_textblock av_inherit_color'  itemprop=\"text\" ><p><strong><em>La brecha de V\u00edznar<\/em><\/strong>, 1966<\/p>\n<hr \/>\n<p>\u00d3leo sobre lienzo<\/p>\n<hr \/>\n<p>Exposici\u00f3n: <em>Teor\u00eda del duende<\/em><\/p>\n<hr \/>\n<p>Comisario: Enrique Juncosa<\/p>\n<hr \/>\n<p>Centro Federico Garc\u00eda Lorca<\/p>\n<hr \/>\n<p>30 de octubre de 2015 &#8211; 10 de enero de 2016<\/p>\n<hr \/>\n<\/div><\/section><\/div>\n<style type=\"text\/css\" data-created_by=\"avia_inline_auto\" id=\"style-css-av-av_hr-a6de236e6c183bbbd700292deacd2b52\">\n#top .hr.hr-invisible.av-av_hr-a6de236e6c183bbbd700292deacd2b52{\nheight:20px;\n}\n<\/style>\n<div  class='hr av-av_hr-a6de236e6c183bbbd700292deacd2b52 hr-invisible  avia-builder-el-14  el_after_av_one_third  el_before_av_one_full '><span class='hr-inner '><span class=\"hr-inner-style\"><\/span><\/span><\/div>\n\n<style type=\"text\/css\" data-created_by=\"avia_inline_auto\" id=\"style-css-av-av_one_full-9497bbf8bff73ea4c6992cc17fa9ec36\">\n.flex_column.av-av_one_full-9497bbf8bff73ea4c6992cc17fa9ec36{\nborder-radius:0px 0px 0px 0px;\npadding:0px 0px 0px 0px;\n}\n<\/style>\n<div  class='flex_column av-av_one_full-9497bbf8bff73ea4c6992cc17fa9ec36 av_one_full  avia-builder-el-15  el_after_av_hr  avia-builder-el-last  first flex_column_div av-zero-column-padding  '     ><section  class='av_textblock_section av-av_textblock-0366cc7376be6c9e82a3e9cc8987b64f '   itemscope=\"itemscope\" itemtype=\"https:\/\/schema.org\/CreativeWork\" ><div class='avia_textblock'  itemprop=\"text\" ><p>El t\u00edtulo de la exposici\u00f3n proviene de una de las conferencias m\u00e1s c\u00e9lebres de Federico Garc\u00eda Lorca, \u00abJuego y teor\u00eda del duende\u00bb, donde explica su entendimiento del arte como provisto de un misterio que le es consustancial. Esta exposici\u00f3n ofrece una primera parte de dibujos originales de Federico Garc\u00eda Lorca, pertenecientes a familiares del poeta y a diversas colecciones p\u00fablicas y privadas, as\u00ed como un conjunto de primeras ediciones de obras lorquianas. La segunda parte presenta trabajos de artistas de la \u00e9poca de Lorca, incluidos cuadros de Salvador Dal\u00ed que pertenecieron al poeta, las dos pel\u00edculas surrealistas del artista catal\u00e1n realizadas en colaboraci\u00f3n con Bu\u00f1uel, y obras de otros artistas que explican su contexto, incluyendo estudios para el <em>Guernica<\/em> y obras surrealistas de Pablo Picasso, o de pinturas-poemas y bailarinas espa\u00f1olas de Joan Mir\u00f3, as\u00ed como otros artistas que tuvieron relaci\u00f3n con Espa\u00f1a: Francis Picabia, Andr\u00e9 Masson, Roberto Matta o Robert Motherwell. Una tercera parte de la exposici\u00f3n presenta dibujos, pero tambi\u00e9n fotograf\u00edas, pinturas, esculturas, v\u00eddeos e instalaciones de artistas contempor\u00e1neos, algunas creadas especialmente para el espacio expositivo del Centro Federico Garc\u00eda Lorca. El espectro es muy amplio y hay homenajes expl\u00edcitos a Lorca o simplemente obras en las que la idea duende o el contenido po\u00e9tico es muy importante. Se trata de artistas internacionales como Olav Christopher Jenssen (Noruega), Joao Penalva (Portugal), Juan Usl\u00e9, Susana Solano, Victoria Civera, Eva Lootz, Frederic Amat y Miquel Barcel\u00f3 (Espa\u00f1a), Michael Craig-Martin (Reino Unido), Steven Wolpe, Jack Pierson y Terry Winters (EEUU), Sakiko Nomura (Jap\u00f3n), Francesco Clemente (Italia), Iran do Espirito Santo (Brasil), Guillermo Kuitca (Argentina), Atul Dodiya (India), etc.<\/p>\n<\/div><\/section><\/div>\n<\/div><\/div><\/div><!-- close content main div --><\/div><\/div><div id='after_section_2'  class='main_color av_default_container_wrap container_wrap sidebar_right'  ><div class='container av-section-cont-open' ><div class='template-page content  av-content-small alpha units'><div class='post-entry post-entry-type-page post-entry-4635'><div class='entry-content-wrapper clearfix'><\/p>\n\n","protected":false},"excerpt":{"rendered":"","protected":false},"author":1,"featured_media":0,"parent":7031,"menu_order":0,"comment_status":"closed","ping_status":"closed","template":"","meta":{"footnotes":""},"class_list":["post-4635","page","type-page","status-publish","hentry"],"_links":{"self":[{"href":"https:\/\/centroguerrero.es\/en\/wp-json\/wp\/v2\/pages\/4635"}],"collection":[{"href":"https:\/\/centroguerrero.es\/en\/wp-json\/wp\/v2\/pages"}],"about":[{"href":"https:\/\/centroguerrero.es\/en\/wp-json\/wp\/v2\/types\/page"}],"author":[{"embeddable":true,"href":"https:\/\/centroguerrero.es\/en\/wp-json\/wp\/v2\/users\/1"}],"replies":[{"embeddable":true,"href":"https:\/\/centroguerrero.es\/en\/wp-json\/wp\/v2\/comments?post=4635"}],"version-history":[{"count":0,"href":"https:\/\/centroguerrero.es\/en\/wp-json\/wp\/v2\/pages\/4635\/revisions"}],"up":[{"embeddable":true,"href":"https:\/\/centroguerrero.es\/en\/wp-json\/wp\/v2\/pages\/7031"}],"wp:attachment":[{"href":"https:\/\/centroguerrero.es\/en\/wp-json\/wp\/v2\/media?parent=4635"}],"curies":[{"name":"wp","href":"https:\/\/api.w.org\/{rel}","templated":true}]}}